{"id":19,"date":"2014-06-10T23:36:02","date_gmt":"2014-06-10T21:36:02","guid":{"rendered":"http:\/\/xn--lttjestrandflieder-m6b.de\/?page_id=19"},"modified":"2019-05-27T18:07:07","modified_gmt":"2019-05-27T16:07:07","slug":"lage-der-wohnung","status":"publish","type":"page","link":"https:\/\/www.xn--lttjestrandflieder-m6b.de\/?page_id=19","title":{"rendered":"Lage der Wohnung"},"content":{"rendered":"<p>Eine Bushaltestelle befindet sich direkt an der Wohnanlage.<\/p>\n<p>Der zur Wohnung geh\u00f6rende Parkplatz vor dem Haus liegt an der Grenze zur<br \/>\nZone II und III.<\/p>\n<p><a href=\"http:\/\/www.xn--lttjestrandflieder-m6b.de\/wp-content\/uploads\/2019\/05\/Blick-vom-Deich-auf-Lu\u0308ttje-Legde.jpeg\"><img loading=\"lazy\" decoding=\"async\" class=\"alignnone wp-image-291 size-large\" src=\"http:\/\/www.xn--lttjestrandflieder-m6b.de\/wp-content\/uploads\/2019\/05\/Blick-vom-Deich-auf-Lu\u0308ttje-Legde-1024x768.jpeg\" alt=\"\" width=\"604\" height=\"453\" srcset=\"https:\/\/www.xn--lttjestrandflieder-m6b.de\/wp-content\/uploads\/2019\/05\/Blick-vom-Deich-auf-Lu\u0308ttje-Legde-1024x768.jpeg 1024w, https:\/\/www.xn--lttjestrandflieder-m6b.de\/wp-content\/uploads\/2019\/05\/Blick-vom-Deich-auf-Lu\u0308ttje-Legde-300x225.jpeg 300w, https:\/\/www.xn--lttjestrandflieder-m6b.de\/wp-content\/uploads\/2019\/05\/Blick-vom-Deich-auf-Lu\u0308ttje-Legde-768x576.jpeg 768w\" sizes=\"auto, (max-width: 604px) 100vw, 604px\" \/><\/a><\/p>\n<p>Man kann mit dem Auto Richtung Reitstall, Wei\u00dfe D\u00fcne, Golfplatz, Leuchtturm und Oase fahren oder Richtung Hafen und Supermarkt, um Getr\u00e4nke und Lebensmittel einzukaufen.<\/p>\n<p><iframe loading=\"lazy\" style=\"border: 0;\" src=\"https:\/\/www.google.com\/maps\/embed?pb=!1m14!1m8!1m3!1d9447.344656353369!2d7.1586114380163295!3d53.70336519039779!3m2!1i1024!2i768!4f13.1!3m3!1m2!1s0x47b60ff7528e7f1f%3A0xdff2b001a89a8b14!2sL%C3%BCttje+Legde+11!5e0!3m2!1sde!2sde!4v1402609409806\" width=\"600\" height=\"450\" frameborder=\"0\"><\/iframe><\/p>\n","protected":false},"excerpt":{"rendered":"<p>Eine Bushaltestelle befindet sich direkt an der Wohnanlage. Der zur Wohnung geh\u00f6rende Parkplatz vor dem Haus liegt an der Grenze zur Zone II und III. Man kann mit dem Auto Richtung Reitstall, Wei\u00dfe D\u00fcne, Golfplatz, Leuchtturm und Oase fahren oder Richtung Hafen und Supermarkt, um Getr\u00e4nke und Lebensmittel einzukaufen.<\/p>\n","protected":false},"author":3,"featured_media":0,"parent":0,"menu_order":0,"comment_status":"closed","ping_status":"closed","template":"","meta":{"footnotes":""},"class_list":["post-19","page","type-page","status-publish","hentry"],"_links":{"self":[{"href":"https:\/\/www.xn--lttjestrandflieder-m6b.de\/index.php?rest_route=\/wp\/v2\/pages\/19","targetHints":{"allow":["GET"]}}],"collection":[{"href":"https:\/\/www.xn--lttjestrandflieder-m6b.de\/index.php?rest_route=\/wp\/v2\/pages"}],"about":[{"href":"https:\/\/www.xn--lttjestrandflieder-m6b.de\/index.php?rest_route=\/wp\/v2\/types\/page"}],"author":[{"embeddable":true,"href":"https:\/\/www.xn--lttjestrandflieder-m6b.de\/index.php?rest_route=\/wp\/v2\/users\/3"}],"replies":[{"embeddable":true,"href":"https:\/\/www.xn--lttjestrandflieder-m6b.de\/index.php?rest_route=%2Fwp%2Fv2%2Fcomments&post=19"}],"version-history":[{"count":25,"href":"https:\/\/www.xn--lttjestrandflieder-m6b.de\/index.php?rest_route=\/wp\/v2\/pages\/19\/revisions"}],"predecessor-version":[{"id":309,"href":"https:\/\/www.xn--lttjestrandflieder-m6b.de\/index.php?rest_route=\/wp\/v2\/pages\/19\/revisions\/309"}],"wp:attachment":[{"href":"https:\/\/www.xn--lttjestrandflieder-m6b.de\/index.php?rest_route=%2Fwp%2Fv2%2Fmedia&parent=19"}],"curies":[{"name":"wp","href":"https:\/\/api.w.org\/{rel}","templated":true}]}}