{"id":15,"date":"2014-06-10T23:35:32","date_gmt":"2014-06-10T21:35:32","guid":{"rendered":"http:\/\/xn--lttjestrandflieder-m6b.de\/?page_id=15"},"modified":"2024-01-19T17:28:03","modified_gmt":"2024-01-19T15:28:03","slug":"preise-und-kontakt","status":"publish","type":"page","link":"https:\/\/www.xn--lttjestrandflieder-m6b.de\/?page_id=15","title":{"rendered":"Preise &#038; Kontakt"},"content":{"rendered":"<p>Die Preise setzen sich aus den Mietkosten und den pauschalisierten Nebenkosten zusammen. Weitere Nebenkosten fallen nicht an.<\/p>\n<div><strong>Buchungszeitraum<\/strong><\/div>\n<div>15. April bis 30. September f\u00fcr 110EUR\/Tag f\u00fcr max.4 Personen<\/p>\n<div><\/div>\n<p>Der Mindestbuchungszeitraum betr\u00e4gt 6 N\u00e4chte.<\/p>\n<p><strong>Nebenkosten<br \/>\n<\/strong>60 EUR<\/p>\n<p><strong> Kontakt<br \/>\n<\/strong>Maria Ulm<br \/>\n<a href=\"http:\/\/www.xn--lttjestrandflieder-m6b.de\/wp-content\/uploads\/2019\/05\/Maria-2015-260x300.jpg\" rel=\"attachment wp-att-217\"><img loading=\"lazy\" decoding=\"async\" class=\"alignnone wp-image-237\" src=\"http:\/\/www.xn--lttjestrandflieder-m6b.de\/wp-content\/uploads\/2019\/05\/Maria-2015-260x300-260x300.jpg\" alt=\"\" width=\"162\" height=\"187\" \/><\/a><br \/>\n<a href=\"mailto:luettjestrandflieder@gmx.de\"><\/a><br \/>\n0163\/2554802<\/p>\n","protected":false},"excerpt":{"rendered":"<p>Die Preise setzen sich aus den Mietkosten und den pauschalisierten Nebenkosten zusammen. Weitere Nebenkosten fallen nicht an. Buchungszeitraum 15. April bis 30. September f\u00fcr 110EUR\/Tag f\u00fcr max.4 Personen Der Mindestbuchungszeitraum betr\u00e4gt 6 N\u00e4chte. Nebenkosten 60 EUR Kontakt Maria Ulm 0163\/2554802<\/p>\n","protected":false},"author":3,"featured_media":0,"parent":0,"menu_order":0,"comment_status":"closed","ping_status":"closed","template":"","meta":{"footnotes":""},"class_list":["post-15","page","type-page","status-publish","hentry"],"_links":{"self":[{"href":"https:\/\/www.xn--lttjestrandflieder-m6b.de\/index.php?rest_route=\/wp\/v2\/pages\/15","targetHints":{"allow":["GET"]}}],"collection":[{"href":"https:\/\/www.xn--lttjestrandflieder-m6b.de\/index.php?rest_route=\/wp\/v2\/pages"}],"about":[{"href":"https:\/\/www.xn--lttjestrandflieder-m6b.de\/index.php?rest_route=\/wp\/v2\/types\/page"}],"author":[{"embeddable":true,"href":"https:\/\/www.xn--lttjestrandflieder-m6b.de\/index.php?rest_route=\/wp\/v2\/users\/3"}],"replies":[{"embeddable":true,"href":"https:\/\/www.xn--lttjestrandflieder-m6b.de\/index.php?rest_route=%2Fwp%2Fv2%2Fcomments&post=15"}],"version-history":[{"count":35,"href":"https:\/\/www.xn--lttjestrandflieder-m6b.de\/index.php?rest_route=\/wp\/v2\/pages\/15\/revisions"}],"predecessor-version":[{"id":398,"href":"https:\/\/www.xn--lttjestrandflieder-m6b.de\/index.php?rest_route=\/wp\/v2\/pages\/15\/revisions\/398"}],"wp:attachment":[{"href":"https:\/\/www.xn--lttjestrandflieder-m6b.de\/index.php?rest_route=%2Fwp%2Fv2%2Fmedia&parent=15"}],"curies":[{"name":"wp","href":"https:\/\/api.w.org\/{rel}","templated":true}]}}