{"id":11,"date":"2014-06-10T23:34:39","date_gmt":"2014-06-10T21:34:39","guid":{"rendered":"http:\/\/xn--lttjestrandflieder-m6b.de\/?page_id=11"},"modified":"2019-05-31T21:19:56","modified_gmt":"2019-05-31T19:19:56","slug":"inneneinrichtung","status":"publish","type":"page","link":"https:\/\/www.xn--lttjestrandflieder-m6b.de\/?page_id=11","title":{"rendered":"Inneneinrichtung"},"content":{"rendered":"<p>Die Ferienwohnung verf\u00fcgt \u00fcber einen gro\u00dfen Wohn-Schlafraum mit Doppelschrankbetten, an den der Essbereich und die offene K\u00fcche angrenzen.<\/p>\n<figure id=\"attachment_294\" aria-describedby=\"caption-attachment-294\" style=\"width: 300px\" class=\"wp-caption aligncenter\"><a href=\"http:\/\/www.xn--lttjestrandflieder-m6b.de\/wp-content\/uploads\/2019\/05\/Das-Schrankbett-verschwindet-tagsu\u0308ber-im-Wandschrank.jpg\" target=\"_blank\" rel=\"noopener noreferrer\"><img loading=\"lazy\" decoding=\"async\" class=\"wp-image-294 size-medium\" src=\"http:\/\/www.xn--lttjestrandflieder-m6b.de\/wp-content\/uploads\/2019\/05\/Das-Schrankbett-verschwindet-tagsu\u0308ber-im-Wandschrank-300x225.jpg\" alt=\"\" width=\"300\" height=\"225\" srcset=\"https:\/\/www.xn--lttjestrandflieder-m6b.de\/wp-content\/uploads\/2019\/05\/Das-Schrankbett-verschwindet-tagsu\u0308ber-im-Wandschrank-300x225.jpg 300w, https:\/\/www.xn--lttjestrandflieder-m6b.de\/wp-content\/uploads\/2019\/05\/Das-Schrankbett-verschwindet-tagsu\u0308ber-im-Wandschrank-768x577.jpg 768w, https:\/\/www.xn--lttjestrandflieder-m6b.de\/wp-content\/uploads\/2019\/05\/Das-Schrankbett-verschwindet-tagsu\u0308ber-im-Wandschrank-1024x769.jpg 1024w\" sizes=\"auto, (max-width: 300px) 100vw, 300px\" \/><\/a><figcaption id=\"caption-attachment-294\" class=\"wp-caption-text\">Das Klappbett verschwindet tags\u00fcber platzsparend im Wandschrank.<\/figcaption><\/figure>\n<figure id=\"attachment_308\" aria-describedby=\"caption-attachment-308\" style=\"width: 300px\" class=\"wp-caption aligncenter\"><a href=\"http:\/\/www.xn--lttjestrandflieder-m6b.de\/wp-content\/uploads\/2019\/05\/Wohnbereich-mit-gemu\u0308tlicher-Sitzecke.jpg\"><img loading=\"lazy\" decoding=\"async\" class=\"wp-image-308 size-medium\" src=\"http:\/\/www.xn--lttjestrandflieder-m6b.de\/wp-content\/uploads\/2019\/05\/Wohnbereich-mit-gemu\u0308tlicher-Sitzecke-300x225.jpg\" alt=\"\" width=\"300\" height=\"225\" srcset=\"https:\/\/www.xn--lttjestrandflieder-m6b.de\/wp-content\/uploads\/2019\/05\/Wohnbereich-mit-gemu\u0308tlicher-Sitzecke-300x225.jpg 300w, https:\/\/www.xn--lttjestrandflieder-m6b.de\/wp-content\/uploads\/2019\/05\/Wohnbereich-mit-gemu\u0308tlicher-Sitzecke-768x576.jpg 768w, https:\/\/www.xn--lttjestrandflieder-m6b.de\/wp-content\/uploads\/2019\/05\/Wohnbereich-mit-gemu\u0308tlicher-Sitzecke-1024x768.jpg 1024w\" sizes=\"auto, (max-width: 300px) 100vw, 300px\" \/><\/a><figcaption id=\"caption-attachment-308\" class=\"wp-caption-text\">Wohnbereich mit gemu\u0308tlicher Sitzecke.<\/figcaption><\/figure>\n<figure id=\"attachment_300\" aria-describedby=\"caption-attachment-300\" style=\"width: 300px\" class=\"wp-caption aligncenter\"><a href=\"http:\/\/www.xn--lttjestrandflieder-m6b.de\/wp-content\/uploads\/2019\/05\/Ku\u0308che-neben-dem-Essbereich.jpg\"><img loading=\"lazy\" decoding=\"async\" class=\"wp-image-300 size-medium\" src=\"http:\/\/www.xn--lttjestrandflieder-m6b.de\/wp-content\/uploads\/2019\/05\/Ku\u0308che-neben-dem-Essbereich-300x225.jpg\" alt=\"\" width=\"300\" height=\"225\" srcset=\"https:\/\/www.xn--lttjestrandflieder-m6b.de\/wp-content\/uploads\/2019\/05\/Ku\u0308che-neben-dem-Essbereich-300x225.jpg 300w, https:\/\/www.xn--lttjestrandflieder-m6b.de\/wp-content\/uploads\/2019\/05\/Ku\u0308che-neben-dem-Essbereich-768x576.jpg 768w, https:\/\/www.xn--lttjestrandflieder-m6b.de\/wp-content\/uploads\/2019\/05\/Ku\u0308che-neben-dem-Essbereich-1024x768.jpg 1024w\" sizes=\"auto, (max-width: 300px) 100vw, 300px\" \/><\/a><figcaption id=\"caption-attachment-300\" class=\"wp-caption-text\">K\u00fcche neben dem Essbereich.<\/figcaption><\/figure>\n<figure id=\"attachment_298\" aria-describedby=\"caption-attachment-298\" style=\"width: 300px\" class=\"wp-caption aligncenter\"><a href=\"http:\/\/www.xn--lttjestrandflieder-m6b.de\/wp-content\/uploads\/2019\/05\/Esstisch-vor-dem-Su\u0308dbalkon.jpeg\"><img loading=\"lazy\" decoding=\"async\" class=\"wp-image-298 size-medium\" src=\"http:\/\/www.xn--lttjestrandflieder-m6b.de\/wp-content\/uploads\/2019\/05\/Esstisch-vor-dem-Su\u0308dbalkon-300x225.jpeg\" alt=\"\" width=\"300\" height=\"225\" srcset=\"https:\/\/www.xn--lttjestrandflieder-m6b.de\/wp-content\/uploads\/2019\/05\/Esstisch-vor-dem-Su\u0308dbalkon-300x225.jpeg 300w, https:\/\/www.xn--lttjestrandflieder-m6b.de\/wp-content\/uploads\/2019\/05\/Esstisch-vor-dem-Su\u0308dbalkon-768x576.jpeg 768w, https:\/\/www.xn--lttjestrandflieder-m6b.de\/wp-content\/uploads\/2019\/05\/Esstisch-vor-dem-Su\u0308dbalkon-1024x768.jpeg 1024w\" sizes=\"auto, (max-width: 300px) 100vw, 300px\" \/><\/a><figcaption id=\"caption-attachment-298\" class=\"wp-caption-text\">Der Essbereich vor dem S\u00fcdbalkon.<\/figcaption><\/figure>\n<figure id=\"attachment_296\" aria-describedby=\"caption-attachment-296\" style=\"width: 300px\" class=\"wp-caption aligncenter\"><a href=\"http:\/\/www.xn--lttjestrandflieder-m6b.de\/wp-content\/uploads\/2019\/05\/Durchgang-zur-Terrasse-vom-Essbereich-aus.jpg\"><img loading=\"lazy\" decoding=\"async\" class=\"wp-image-296 size-medium\" src=\"http:\/\/www.xn--lttjestrandflieder-m6b.de\/wp-content\/uploads\/2019\/05\/Durchgang-zur-Terrasse-vom-Essbereich-aus-300x225.jpg\" alt=\"\" width=\"300\" height=\"225\" srcset=\"https:\/\/www.xn--lttjestrandflieder-m6b.de\/wp-content\/uploads\/2019\/05\/Durchgang-zur-Terrasse-vom-Essbereich-aus-300x225.jpg 300w, https:\/\/www.xn--lttjestrandflieder-m6b.de\/wp-content\/uploads\/2019\/05\/Durchgang-zur-Terrasse-vom-Essbereich-aus-768x576.jpg 768w, https:\/\/www.xn--lttjestrandflieder-m6b.de\/wp-content\/uploads\/2019\/05\/Durchgang-zur-Terrasse-vom-Essbereich-aus-1024x768.jpg 1024w\" sizes=\"auto, (max-width: 300px) 100vw, 300px\" \/><\/a><figcaption id=\"caption-attachment-296\" class=\"wp-caption-text\">Durchgang zur Terrasse vom Essbereich aus.<\/figcaption><\/figure>\n<p>Vom Flur mit Garderobe gehen das Duschbad mit WC und das separate Kinderzimmer ab, das mit Hochbett, ausziehbarer Schlafcouch und Kleiderschrank eingerichtet ist.<\/p>\n<figure id=\"attachment_297\" aria-describedby=\"caption-attachment-297\" style=\"width: 300px\" class=\"wp-caption aligncenter\"><a href=\"http:\/\/www.xn--lttjestrandflieder-m6b.de\/wp-content\/uploads\/2019\/05\/Duschbad-mit-WC-und-Waschbecken.jpg\" target=\"_blank\" rel=\"noopener noreferrer\"><img loading=\"lazy\" decoding=\"async\" class=\"wp-image-297 size-medium\" src=\"http:\/\/www.xn--lttjestrandflieder-m6b.de\/wp-content\/uploads\/2019\/05\/Duschbad-mit-WC-und-Waschbecken-300x225.jpg\" alt=\"\" width=\"300\" height=\"225\" srcset=\"https:\/\/www.xn--lttjestrandflieder-m6b.de\/wp-content\/uploads\/2019\/05\/Duschbad-mit-WC-und-Waschbecken-300x225.jpg 300w, https:\/\/www.xn--lttjestrandflieder-m6b.de\/wp-content\/uploads\/2019\/05\/Duschbad-mit-WC-und-Waschbecken-768x576.jpg 768w, https:\/\/www.xn--lttjestrandflieder-m6b.de\/wp-content\/uploads\/2019\/05\/Duschbad-mit-WC-und-Waschbecken-1024x768.jpg 1024w\" sizes=\"auto, (max-width: 300px) 100vw, 300px\" \/><\/a><figcaption id=\"caption-attachment-297\" class=\"wp-caption-text\">Duschbad und WC.<\/figcaption><\/figure>\n<figure id=\"attachment_299\" aria-describedby=\"caption-attachment-299\" style=\"width: 300px\" class=\"wp-caption aligncenter\"><a href=\"http:\/\/www.xn--lttjestrandflieder-m6b.de\/wp-content\/uploads\/2019\/05\/Kinderzi.-m.-Hochbett-Schlafcouch-u.-Kleiderschrank.jpg\"><img loading=\"lazy\" decoding=\"async\" class=\"wp-image-299 size-medium\" src=\"http:\/\/www.xn--lttjestrandflieder-m6b.de\/wp-content\/uploads\/2019\/05\/Kinderzi.-m.-Hochbett-Schlafcouch-u.-Kleiderschrank-300x225.jpg\" alt=\"\" width=\"300\" height=\"225\" srcset=\"https:\/\/www.xn--lttjestrandflieder-m6b.de\/wp-content\/uploads\/2019\/05\/Kinderzi.-m.-Hochbett-Schlafcouch-u.-Kleiderschrank-300x225.jpg 300w, https:\/\/www.xn--lttjestrandflieder-m6b.de\/wp-content\/uploads\/2019\/05\/Kinderzi.-m.-Hochbett-Schlafcouch-u.-Kleiderschrank-768x576.jpg 768w, https:\/\/www.xn--lttjestrandflieder-m6b.de\/wp-content\/uploads\/2019\/05\/Kinderzi.-m.-Hochbett-Schlafcouch-u.-Kleiderschrank-1024x768.jpg 1024w\" sizes=\"auto, (max-width: 300px) 100vw, 300px\" \/><\/a><figcaption id=\"caption-attachment-299\" class=\"wp-caption-text\">Das Etagenbett im Kinderzimmer.<\/figcaption><\/figure>\n<p>Die sehr gro\u00dfe Terrasse verf\u00fcgt \u00fcber einen Strandkorb, Liegest\u00fchle und bei gutem Wetter \u00fcber ganzt\u00e4gig Sonne. Ferner ist ein S\u00fcdbalkon vorhanden.<\/p>\n<figure id=\"attachment_303\" aria-describedby=\"caption-attachment-303\" style=\"width: 300px\" class=\"wp-caption aligncenter\"><a href=\"http:\/\/www.xn--lttjestrandflieder-m6b.de\/wp-content\/uploads\/2019\/05\/Relaxen-auf-der-Dachterrasse.jpg\" target=\"_blank\" rel=\"noopener noreferrer\"><img loading=\"lazy\" decoding=\"async\" class=\"wp-image-303 size-medium\" src=\"http:\/\/www.xn--lttjestrandflieder-m6b.de\/wp-content\/uploads\/2019\/05\/Relaxen-auf-der-Dachterrasse-300x225.jpg\" alt=\"\" width=\"300\" height=\"225\" srcset=\"https:\/\/www.xn--lttjestrandflieder-m6b.de\/wp-content\/uploads\/2019\/05\/Relaxen-auf-der-Dachterrasse-300x225.jpg 300w, https:\/\/www.xn--lttjestrandflieder-m6b.de\/wp-content\/uploads\/2019\/05\/Relaxen-auf-der-Dachterrasse-768x576.jpg 768w, https:\/\/www.xn--lttjestrandflieder-m6b.de\/wp-content\/uploads\/2019\/05\/Relaxen-auf-der-Dachterrasse-1024x768.jpg 1024w\" sizes=\"auto, (max-width: 300px) 100vw, 300px\" \/><\/a><figcaption id=\"caption-attachment-303\" class=\"wp-caption-text\">Relaxen auf der Dachterrasse.<\/figcaption><\/figure>\n<figure id=\"attachment_307\" aria-describedby=\"caption-attachment-307\" style=\"width: 300px\" class=\"wp-caption aligncenter\"><a href=\"http:\/\/www.xn--lttjestrandflieder-m6b.de\/wp-content\/uploads\/2019\/05\/Teestunde-auf-dem-Su\u0308dbalkon.jpg\" target=\"_blank\" rel=\"noopener noreferrer\"><img loading=\"lazy\" decoding=\"async\" class=\"wp-image-307 size-medium\" src=\"http:\/\/www.xn--lttjestrandflieder-m6b.de\/wp-content\/uploads\/2019\/05\/Teestunde-auf-dem-Su\u0308dbalkon-300x225.jpg\" alt=\"\" width=\"300\" height=\"225\" srcset=\"https:\/\/www.xn--lttjestrandflieder-m6b.de\/wp-content\/uploads\/2019\/05\/Teestunde-auf-dem-Su\u0308dbalkon-300x225.jpg 300w, https:\/\/www.xn--lttjestrandflieder-m6b.de\/wp-content\/uploads\/2019\/05\/Teestunde-auf-dem-Su\u0308dbalkon-768x576.jpg 768w, https:\/\/www.xn--lttjestrandflieder-m6b.de\/wp-content\/uploads\/2019\/05\/Teestunde-auf-dem-Su\u0308dbalkon-1024x768.jpg 1024w\" sizes=\"auto, (max-width: 300px) 100vw, 300px\" \/><\/a><figcaption id=\"caption-attachment-307\" class=\"wp-caption-text\">Teestunde auf dem S\u00fcdbalkon.<\/figcaption><\/figure>\n","protected":false},"excerpt":{"rendered":"<p>Die Ferienwohnung verf\u00fcgt \u00fcber einen gro\u00dfen Wohn-Schlafraum mit Doppelschrankbetten, an den der Essbereich und die offene K\u00fcche angrenzen. Vom Flur mit Garderobe gehen das Duschbad mit WC und das separate Kinderzimmer ab, das mit Hochbett, ausziehbarer Schlafcouch und Kleiderschrank eingerichtet ist. Die sehr gro\u00dfe Terrasse verf\u00fcgt \u00fcber einen Strandkorb, Liegest\u00fchle und bei gutem Wetter \u00fcber &hellip; <a href=\"https:\/\/www.xn--lttjestrandflieder-m6b.de\/?page_id=11\" class=\"more-link\"><span class=\"screen-reader-text\">Inneneinrichtung<\/span> weiterlesen <span class=\"meta-nav\">&rarr;<\/span><\/a><\/p>\n","protected":false},"author":3,"featured_media":0,"parent":0,"menu_order":0,"comment_status":"closed","ping_status":"closed","template":"","meta":{"footnotes":""},"class_list":["post-11","page","type-page","status-publish","hentry"],"_links":{"self":[{"href":"https:\/\/www.xn--lttjestrandflieder-m6b.de\/index.php?rest_route=\/wp\/v2\/pages\/11","targetHints":{"allow":["GET"]}}],"collection":[{"href":"https:\/\/www.xn--lttjestrandflieder-m6b.de\/index.php?rest_route=\/wp\/v2\/pages"}],"about":[{"href":"https:\/\/www.xn--lttjestrandflieder-m6b.de\/index.php?rest_route=\/wp\/v2\/types\/page"}],"author":[{"embeddable":true,"href":"https:\/\/www.xn--lttjestrandflieder-m6b.de\/index.php?rest_route=\/wp\/v2\/users\/3"}],"replies":[{"embeddable":true,"href":"https:\/\/www.xn--lttjestrandflieder-m6b.de\/index.php?rest_route=%2Fwp%2Fv2%2Fcomments&post=11"}],"version-history":[{"count":52,"href":"https:\/\/www.xn--lttjestrandflieder-m6b.de\/index.php?rest_route=\/wp\/v2\/pages\/11\/revisions"}],"predecessor-version":[{"id":378,"href":"https:\/\/www.xn--lttjestrandflieder-m6b.de\/index.php?rest_route=\/wp\/v2\/pages\/11\/revisions\/378"}],"wp:attachment":[{"href":"https:\/\/www.xn--lttjestrandflieder-m6b.de\/index.php?rest_route=%2Fwp%2Fv2%2Fmedia&parent=11"}],"curies":[{"name":"wp","href":"https:\/\/api.w.org\/{rel}","templated":true}]}}